{"id":149,"date":"2022-10-10T05:57:50","date_gmt":"2022-10-10T05:57:50","guid":{"rendered":"https:\/\/wildamazontours.com\/ptbr\/?page_id=149"},"modified":"2022-10-10T05:57:50","modified_gmt":"2022-10-10T05:57:50","slug":"politica-de-privacidade","status":"publish","type":"page","link":"https:\/\/wildamazontours.com\/ptbr\/politica-de-privacidade\/","title":{"rendered":"Pol\u00edtica de Privacidade"},"content":{"rendered":"\n<p>O site Wild Amazon Tours \u00e9 de propriedade da empresa Wild Amazon Tours, que \u00e9 a controladora de seus dados pessoais.<\/p>\n\n\n\n<p>N\u00f3s adotamos esta Pol\u00edtica de Privacidade, que determina como n\u00f3s estamos processando as informa\u00e7\u00f5es coletadas pelo site Wild Amazon Tours e tamb\u00e9m explica por quais raz\u00f5es n\u00f3s precisamos coletar dados pessoais sobre voc\u00ea. Portanto, voc\u00ea deve ler esta Pol\u00edtica de Privacidade antes de usar o site Wild Amazon Tours.<\/p>\n\n\n\n<p>N\u00f3s cuidamos dos seus dados pessoais e assumimos a responsabilidade de garantir a confidencialidade e seguran\u00e7a de suas informa\u00e7\u00f5es pessiais.<\/p>\n\n\n\n<h4 class=\"wp-block-heading\">Estes s\u00e3o as informa\u00e7\u00f5es pessoais que coletamos<\/h4>\n\n\n\n<p>Quando voc\u00ea visita o site Wild Amazon Tours, n\u00f3s automaticamente coletamos certas informa\u00e7\u00f5es sobre seu dispositivo, incluindo informa\u00e7\u00f5es sobre seu navegador, endere\u00e7o IP, fuso hor\u00e1rio e alguns dos cookies instalados no seu dispositivo. Al\u00e9m disso, quando voc\u00ea navega pelo Site, n\u00f3s coletamos informa\u00e7\u00f5es sobre as p\u00e1ginas individuais ou produtos que voc\u00ea visualiza e sobre como voc\u00ea interage com o Site.<\/p>\n\n\n\n<h4 class=\"wp-block-heading\">Por que fazemos o processamento dos seus dados?<\/h4>\n\n\n\n<p>Nossa maior prioridade \u00e9 a seguran\u00e7a dos dados pessoais dos usu\u00e1rios e, portanto, n\u00f3s podemos processar apenas dados m\u00ednimos, apenas enquanto for absolutamente necess\u00e1rio para a manuten\u00e7\u00e3o do site. Informa\u00e7\u00f5es coletadas automaticamente s\u00e3o usadas para identificar poss\u00edveis casos de abuso e estabelecer dados estat\u00edsticos sobre o uso do site. Esses dados estat\u00edsticos n\u00e3o s\u00e3o agregados de outras formas que permitam a identifica\u00e7\u00e3o de usu\u00e1rios espec\u00edficos do sistema.<\/p>\n\n\n\n<h4 class=\"wp-block-heading\">Links para outros sites<\/h4>\n\n\n\n<p>Nosso site pode conter links para outros sites que n\u00e3o s\u00e3o controlados por n\u00f3s e\/ou n\u00e3o s\u00e3o de nossa propriedade. Por favor esteja ciente de que n\u00f3s n\u00e3o somos respons\u00e1veis pelas pol\u00edticas de privacidade de tais sites e organiza\u00e7\u00f5es terceiras. N\u00f3s incentivamos voc\u00ea a estar ciente de quando sair do nosso site, e tamb\u00e9m incentivamos voc\u00ea a ler a pol\u00edtica de privacidade de cada um dos sites que podem coletar suas informa\u00e7\u00f5es pessoais.<\/p>\n\n\n\n<h4 class=\"wp-block-heading\">Informa\u00e7\u00f5es de contato<\/h4>\n\n\n\n<p>Se voc\u00ea quiser entrar em contato conosco para saber mais sobre esta Pol\u00edtica de Privacidade, ou quiser acessar quaisquer informa\u00e7\u00f5es relativas aos seus direitos individuais e \u00e0s suas Informa\u00e7\u00f5es Pessoais, voc\u00ea poder\u00e1 enviar um e-mail para o endere\u00e7o contato@wildamazontours.com.<\/p>\n","protected":false},"excerpt":{"rendered":"<p>O site Wild Amazon Tours \u00e9 de propriedade da empresa Wild Amazon Tours, que \u00e9 a controladora de seus dados pessoais. N\u00f3s adotamos esta Pol\u00edtica de Privacidade, que determina como n\u00f3s estamos processando as informa\u00e7\u00f5es coletadas pelo site Wild Amazon Tours e tamb\u00e9m explica por quais raz\u00f5es n\u00f3s precisamos coletar dados pessoais sobre voc\u00ea. Portanto, [&hellip;]<\/p>\n","protected":false},"author":1,"featured_media":0,"parent":0,"menu_order":0,"comment_status":"closed","ping_status":"closed","template":"","meta":{"footnotes":""},"class_list":["post-149","page","type-page","status-publish","hentry"],"_links":{"self":[{"href":"https:\/\/wildamazontours.com\/ptbr\/wp-json\/wp\/v2\/pages\/149","targetHints":{"allow":["GET"]}}],"collection":[{"href":"https:\/\/wildamazontours.com\/ptbr\/wp-json\/wp\/v2\/pages"}],"about":[{"href":"https:\/\/wildamazontours.com\/ptbr\/wp-json\/wp\/v2\/types\/page"}],"author":[{"embeddable":true,"href":"https:\/\/wildamazontours.com\/ptbr\/wp-json\/wp\/v2\/users\/1"}],"replies":[{"embeddable":true,"href":"https:\/\/wildamazontours.com\/ptbr\/wp-json\/wp\/v2\/comments?post=149"}],"version-history":[{"count":1,"href":"https:\/\/wildamazontours.com\/ptbr\/wp-json\/wp\/v2\/pages\/149\/revisions"}],"predecessor-version":[{"id":150,"href":"https:\/\/wildamazontours.com\/ptbr\/wp-json\/wp\/v2\/pages\/149\/revisions\/150"}],"wp:attachment":[{"href":"https:\/\/wildamazontours.com\/ptbr\/wp-json\/wp\/v2\/media?parent=149"}],"curies":[{"name":"wp","href":"https:\/\/api.w.org\/{rel}","templated":true}]}}